{"id":3337,"date":"2021-12-15T16:47:35","date_gmt":"2021-12-15T15:47:35","guid":{"rendered":"https:\/\/www.kebu-freiburg.de\/about-kebu\/origin-goals\/"},"modified":"2022-09-26T17:02:00","modified_gmt":"2022-09-26T15:02:00","slug":"origin-goals","status":"publish","type":"page","link":"https:\/\/www.kebu-freiburg.de\/en\/about-kebu\/origin-goals\/","title":{"rendered":"Origin &amp; Goals"},"content":{"rendered":"<p><div class=\"fusion-fullwidth fullwidth-box fusion-builder-row-1 nonhundred-percent-fullwidth non-hundred-percent-height-scrolling\" style=\"--awb-border-radius-top-left:0px;--awb-border-radius-top-right:0px;--awb-border-radius-bottom-right:0px;--awb-border-radius-bottom-left:0px;--awb-padding-top:0px;--awb-padding-bottom:0px;--awb-margin-top:0px;--awb-margin-bottom:0px;--awb-flex-wrap:wrap;\" ><div class=\"fusion-builder-row fusion-row\"><div class=\"fusion-layout-column fusion_builder_column fusion-builder-column-0 fusion_builder_column_1_1 1_1 fusion-one-full fusion-column-first fusion-column-last\" style=\"--awb-padding-top:0px;--awb-padding-right:0px;--awb-padding-bottom:0px;--awb-padding-left:0px;--awb-bg-size:cover;--awb-margin-bottom:0px;\"><div class=\"fusion-column-wrapper fusion-column-has-shadow fusion-flex-column-wrapper-legacy\"><nav class=\"fusion-breadcrumbs fusion-breadcrumbs-1\" style=\"--awb-margin-top:10px;--awb-margin-bottom:10px;--awb-text-color:#adb7d1;--awb-breadcrumb-sep:&#039;\u00bb&#039;;\" aria-label=\"Breadcrumb\"><ol class=\"awb-breadcrumb-list\"><li class=\"fusion-breadcrumb-item awb-breadcrumb-sep awb-home\" ><a href=\"https:\/\/www.kebu-freiburg.de\/en\/\" class=\"fusion-breadcrumb-link\"><span >Home<\/span><\/a><\/li><\/ol><\/nav><div class=\"fusion-clearfix\"><\/div><\/div><\/div><\/div><\/div>\n<div class=\"fusion-fullwidth fullwidth-box fusion-builder-row-2 nonhundred-percent-fullwidth non-hundred-percent-height-scrolling\" style=\"--awb-border-radius-top-left:0px;--awb-border-radius-top-right:0px;--awb-border-radius-bottom-right:0px;--awb-border-radius-bottom-left:0px;--awb-flex-wrap:wrap;\" ><div class=\"fusion-builder-row fusion-row\"><div class=\"fusion-layout-column fusion_builder_column fusion-builder-column-1 fusion_builder_column_1_1 1_1 fusion-one-full fusion-column-first fusion-column-last\" style=\"--awb-bg-size:cover;--awb-margin-bottom:40px;\"><div class=\"fusion-column-wrapper fusion-flex-column-wrapper-legacy\"><div class=\"fusion-title title fusion-title-1 fusion-sep-none fusion-title-text fusion-title-size-two\" style=\"--awb-margin-top-small:0px;--awb-margin-right-small:0px;--awb-margin-bottom-small:15px;--awb-margin-left-small:0px;\"><h2 class=\"fusion-title-heading title-heading-left fusion-responsive-typography-calculated\" style=\"margin:0;--fontSize:26;line-height:1.25;\">Our history<\/h2><\/div><div class=\"fusion-text fusion-text-1\" style=\"--awb-text-transform:none;\"><p>KeBU was founded on April 15, 2010 as a network of scientists from University of Freiburg and the University of Education Freiburg. The network &#8220;brought together what belongs together&#8221;: in Baden-W\u00fcrttemberg, research in subject-matter teaching and learning is primarily located at Universities of Education and hardly represented at universities. However, teaching is an interdisciplinary object of research. It requires a combination of &#8220;general&#8221; educational and teaching research (educational sciences, psychology, sociology), research in subject-matter teaching and learning as well as profession-oriented subject sciences, which first establish the content reference. Only in cooperation between the disciplines can the theoretical significance and practical relevance of educational research be fully realized.<\/p>\n<p>Founding members were Timo Leuders (speaker), Matthias N\u00fcckles (speaker), Alexander Renkl (co-speaker), Markus Wirtz (co-speaker), Andreas Eichler, Bernd Fitzenberger, Traudel G\u00fcnnel, Lars Holz\u00e4pfel, Hans-Georg Kotthoff, Katja Maa\u00df, Silke Mikelskis-Seifert, Elmar Stahl, Christoph Mischo, Josef Nerb, Aderonke Osikominu, Werner Rie\u00df, Hans Spada, Albert Scherr, Antje von Suchodoletz and Stefan Wahl.<\/p>\n<p>Starting with the inaugural event, many networking activities have taken place over the years. In addition to academic conferences, this also included exchanges with practitioners, from dialogue events to the joint co-construction of teaching units in research projects. With the founding of the School of Education FACE, the collaboration in Freiburg was further intensified and the circle of partners was expanded to include the Freiburg University of Music. In the School of Education FACE, KeBU now forms an important pillar in the field of action &#8220;educational research&#8221;.<\/p>\n<\/div><div class=\"fusion-clearfix\"><\/div><\/div><\/div><\/div><\/div><div class=\"fusion-fullwidth fullwidth-box fusion-builder-row-3 nonhundred-percent-fullwidth non-hundred-percent-height-scrolling\" style=\"--awb-background-position:left top;--awb-border-sizes-top:0px;--awb-border-sizes-bottom:0px;--awb-border-sizes-left:0px;--awb-border-sizes-right:0px;--awb-border-radius-top-left:0px;--awb-border-radius-top-right:0px;--awb-border-radius-bottom-right:0px;--awb-border-radius-bottom-left:0px;--awb-background-color:#f5f6f9;--awb-flex-wrap:wrap;\" ><div class=\"fusion-builder-row fusion-row\"><div class=\"fusion-layout-column fusion_builder_column fusion-builder-column-2 fusion_builder_column_1_3 1_3 fusion-one-third fusion-column-first\" style=\"--awb-padding-top:2%;--awb-padding-right:2%;--awb-padding-bottom:2%;--awb-padding-left:2%;--awb-bg-size:cover;width:30.6666%; margin-right: 4%;\"><div class=\"fusion-column-wrapper fusion-flex-column-wrapper-legacy\"><div class=\"fusion-title title fusion-title-2 fusion-sep-none fusion-title-text fusion-title-size-two\" style=\"--awb-margin-top-small:0px;--awb-margin-right-small:0px;--awb-margin-bottom-small:15px;--awb-margin-left-small:0px;\"><h2 class=\"fusion-title-heading title-heading-left fusion-responsive-typography-calculated\" style=\"margin:0;--fontSize:26;line-height:1.25;\">Our goals<\/h2><\/div><div class=\"fusion-text fusion-text-2\"><p>KeBU was founded to bundle and expand research and to support the development of emerging scholars in the field of empirical educational research at the two universities in Freiburg.<\/p>\n<\/div><div class=\"fusion-clearfix\"><\/div><\/div><\/div><div class=\"fusion-layout-column fusion_builder_column fusion-builder-column-3 fusion_builder_column_2_3 2_3 fusion-two-third fusion-column-last\" style=\"--awb-bg-size:cover;--awb-margin-bottom:10px;width:65.3333%;\"><div class=\"fusion-column-wrapper fusion-flex-column-wrapper-legacy\"><ul style=\"--awb-line-height:27.2px;--awb-icon-width:27.2px;--awb-icon-height:27.2px;--awb-icon-margin:11.2px;--awb-content-margin:38.4px;\" class=\"fusion-checklist fusion-checklist-1 fusion-checklist-default type-icons\"><li class=\"fusion-li-item\" style=\"\"><span class=\"icon-wrapper circle-no\"><i class=\"fusion-li-icon fa-angle-double-right fas\" aria-hidden=\"true\"><\/i><\/span><div class=\"fusion-li-item-content\">\n<p><strong>Strengthening excellent research<br \/>\n<\/strong><\/p>\n<p>Together we work on interdisciplinary issues. The exchange of ideas generates creative ideas and robust research results that contribute to scientific progress.<\/p>\n<\/div><\/li><li class=\"fusion-li-item\" style=\"\"><span class=\"icon-wrapper circle-no\"><i class=\"fusion-li-icon fa-angle-double-right fas\" aria-hidden=\"true\"><\/i><\/span><div class=\"fusion-li-item-content\">\n<p><strong>Empowering emerging scholars<br \/>\n<\/strong><\/p>\n<p>Our graduates pursue successful careers in academia, business and practice.<\/p>\n<\/div><\/li><li class=\"fusion-li-item\" style=\"\"><span class=\"icon-wrapper circle-no\"><i class=\"fusion-li-icon fa-angle-double-right fas\" aria-hidden=\"true\"><\/i><\/span><div class=\"fusion-li-item-content\">\n<p><strong>Bringing science and practice into exchange<br \/>\n<\/strong><\/p>\n<p>Use-inspired basic research takes up impulses from practice, develops scientific findings together with representatives of practice and offers sound bases for pedagogical decisions in everyday life.<\/p>\n<\/div><\/li><li class=\"fusion-li-item\" style=\"\"><span class=\"icon-wrapper circle-no\"><i class=\"fusion-li-icon fa-angle-double-right fas\" aria-hidden=\"true\"><\/i><\/span><div class=\"fusion-li-item-content\">\n<p><strong>Making Freiburg visible<br \/>\n<\/strong><\/p>\n<p>Educational research in Freiburg is carried out by more than seventy professors spread over various institutes and faculties of the University of Freiburg and the University of Education Freiburg.<\/p>\n<\/div><\/li><li class=\"fusion-li-item\" style=\"\"><span class=\"icon-wrapper circle-no\"><i class=\"fusion-li-icon fa-angle-double-right fas\" aria-hidden=\"true\"><\/i><\/span><div class=\"fusion-li-item-content\">\n<p><strong>Strengthening the collaboration between the universities<br \/>\n<\/strong><\/p>\n<p>In the <a href=\"https:\/\/www.face-freiburg.de\/\" target=\"_blank\" rel=\"noopener\">School of Education FACE<\/a>, KEBU forms an important pillar in the field of educational and teaching research.<\/p>\n<\/div><\/li><\/ul><div class=\"fusion-clearfix\"><\/div><\/div><\/div><\/div><\/div>\n<\/p>\n","protected":false},"excerpt":{"rendered":"","protected":false},"author":2,"featured_media":0,"parent":3165,"menu_order":0,"comment_status":"closed","ping_status":"closed","template":"100-width.php","meta":{"footnotes":""},"class_list":["post-3337","page","type-page","status-publish","hentry"],"_links":{"self":[{"href":"https:\/\/www.kebu-freiburg.de\/en\/wp-json\/wp\/v2\/pages\/3337","targetHints":{"allow":["GET"]}}],"collection":[{"href":"https:\/\/www.kebu-freiburg.de\/en\/wp-json\/wp\/v2\/pages"}],"about":[{"href":"https:\/\/www.kebu-freiburg.de\/en\/wp-json\/wp\/v2\/types\/page"}],"author":[{"embeddable":true,"href":"https:\/\/www.kebu-freiburg.de\/en\/wp-json\/wp\/v2\/users\/2"}],"replies":[{"embeddable":true,"href":"https:\/\/www.kebu-freiburg.de\/en\/wp-json\/wp\/v2\/comments?post=3337"}],"version-history":[{"count":5,"href":"https:\/\/www.kebu-freiburg.de\/en\/wp-json\/wp\/v2\/pages\/3337\/revisions"}],"predecessor-version":[{"id":3912,"href":"https:\/\/www.kebu-freiburg.de\/en\/wp-json\/wp\/v2\/pages\/3337\/revisions\/3912"}],"up":[{"embeddable":true,"href":"https:\/\/www.kebu-freiburg.de\/en\/wp-json\/wp\/v2\/pages\/3165"}],"wp:attachment":[{"href":"https:\/\/www.kebu-freiburg.de\/en\/wp-json\/wp\/v2\/media?parent=3337"}],"curies":[{"name":"wp","href":"https:\/\/api.w.org\/{rel}","templated":true}]}}